{"id":1446,"date":"2018-11-26T11:14:15","date_gmt":"2018-11-26T10:14:15","guid":{"rendered":"https:\/\/www.favaretto.it\/?page_id=1446"},"modified":"2018-12-21T16:08:06","modified_gmt":"2018-12-21T15:08:06","slug":"un-po-di-storia","status":"publish","type":"page","link":"https:\/\/www.favaretto.it\/?page_id=1446","title":{"rendered":"Un po&#8217; di storia"},"content":{"rendered":"\r\n\r\nL\u2019azienda <strong>Favaretto Arredamenti<\/strong> \u00e8 nata negli anni 50 a seguito dell\u2019evoluzione della tradizione di Falegnameria.\r\n\r\n<img loading=\"lazy\" class=\"alignnone size-medium wp-image-1669\" src=\"https:\/\/www.favaretto.it\/wp-content\/uploads\/2018\/12\/STORIA-PICCOLA-300x93.jpg\" alt=\"\" width=\"300\" height=\"93\" srcset=\"https:\/\/www.favaretto.it\/wp-content\/uploads\/2018\/12\/STORIA-PICCOLA-300x93.jpg 300w, https:\/\/www.favaretto.it\/wp-content\/uploads\/2018\/12\/STORIA-PICCOLA-768x239.jpg 768w, https:\/\/www.favaretto.it\/wp-content\/uploads\/2018\/12\/STORIA-PICCOLA-1024x319.jpg 1024w, https:\/\/www.favaretto.it\/wp-content\/uploads\/2018\/12\/STORIA-PICCOLA-1920x600.jpg 1920w\" sizes=\"(max-width: 300px) 100vw, 300px\" \/>\r\n<em>\u00c8 stata Pioniera dell\u2019Arredamento Moderno ed ha vissuto la nascita e l\u2019evolversi del Design Italiano<\/em>, che nel tempo ha goduto di riconoscimento Internazionale.\r\nNegli anni abbiamo saputo cogliere i segnali di innovazione , guardando con rispetto la cultura del passato e proponendo delle soluzioni oltre le mode e le tendenze del momento.\r\nLa nostra capacit\u00e0 di scegliere, utilizzare ci\u00f2 che riteniamo pi\u00f9 valido, ci fa realizzare Arredamenti completi di ottimo gusto e validit\u00e0 nel tempo, sempre in sintonia con il Cliente.\r\n\r\n&nbsp;\r\n\r\n\r\n\r\n\r\n<div class=\"wp-block-image\">\r\n<figure class=\"aligncenter is-resized\"><img loading=\"lazy\" class=\"wp-image-1443\" src=\"https:\/\/www.favaretto.it\/wp-content\/uploads\/2018\/11\/logo-favaretto-1.jpg\" alt=\"\" width=\"134\" height=\"138\"><\/figure>\r\n<\/div>\r\n\r\n\r\n\r\n\r\n&nbsp;\r\n\r\n","protected":false},"excerpt":{"rendered":"<p>L\u2019azienda Favaretto Arredamenti \u00e8 nata negli anni 50 a seguito dell\u2019evoluzione della tradizione di Falegnameria. \u00c8 stata Pioniera [&hellip;]<\/p>\n","protected":false},"author":1,"featured_media":0,"parent":0,"menu_order":0,"comment_status":"closed","ping_status":"closed","template":"","meta":{"ngg_post_thumbnail":0},"_links":{"self":[{"href":"https:\/\/www.favaretto.it\/index.php?rest_route=\/wp\/v2\/pages\/1446"}],"collection":[{"href":"https:\/\/www.favaretto.it\/index.php?rest_route=\/wp\/v2\/pages"}],"about":[{"href":"https:\/\/www.favaretto.it\/index.php?rest_route=\/wp\/v2\/types\/page"}],"author":[{"embeddable":true,"href":"https:\/\/www.favaretto.it\/index.php?rest_route=\/wp\/v2\/users\/1"}],"replies":[{"embeddable":true,"href":"https:\/\/www.favaretto.it\/index.php?rest_route=%2Fwp%2Fv2%2Fcomments&post=1446"}],"version-history":[{"count":6,"href":"https:\/\/www.favaretto.it\/index.php?rest_route=\/wp\/v2\/pages\/1446\/revisions"}],"predecessor-version":[{"id":1672,"href":"https:\/\/www.favaretto.it\/index.php?rest_route=\/wp\/v2\/pages\/1446\/revisions\/1672"}],"wp:attachment":[{"href":"https:\/\/www.favaretto.it\/index.php?rest_route=%2Fwp%2Fv2%2Fmedia&parent=1446"}],"curies":[{"name":"wp","href":"https:\/\/api.w.org\/{rel}","templated":true}]}}