{"id":1606,"date":"2018-11-26T16:57:06","date_gmt":"2018-11-26T15:57:06","guid":{"rendered":"https:\/\/www.favaretto.it\/?page_id=1606"},"modified":"2018-11-26T16:57:06","modified_gmt":"2018-11-26T15:57:06","slug":"cookies-policy","status":"publish","type":"page","link":"https:\/\/www.favaretto.it\/?page_id=1606","title":{"rendered":"Cookies policy"},"content":{"rendered":"<p>[vc_row][vc_column][vc_column_text]<\/p>\n<h3>Politica per i cookie<\/h3>\n<p>Tutto quello che devi sapere sull&#8217;utilizzo dei cookie quando navighi il nostro sito.<\/p>\n<p>L&#8217;accesso al sito www.favaretto.it pu\u00f2 comportare l&#8217;invio, da parte dei nostri server al pc dell&#8217;utente, dei cosiddetti &#8220;cookies&#8221;, ossia di files che consentono di ottenere informazioni sulle pagine visitate al fine di rendere pi\u00f9 veloce l&#8217;utilizzo dei vari servizi.<br \/>\nSTS Group abbina le informazioni raccolte dai cookie ad altri dati forniti da lei su di s\u00e9 o di altro tipo raccolti ai fini riportati nella nostra Informativa privacy.<br \/>\nSe non vuole che il nostro sito non collochi cookie nel suo dispositivo, pu\u00f2 rifiutare il loro impiego attraverso le impostazioni del suo browser.<br \/>\nIn tal caso non garantiamo la corretta fruizione dei servizi offerti sul sito www.favaretto.it.<\/p>\n<p>Finalit\u00e0 e tipologie dei cookie<\/p>\n<p>In base alla funzione e alla finalit\u00e0 di utilizzo, i cookie possono suddividersi in cookie tecnici, cookie di profilazione, cookie di terze parti.<\/p>\n<h4>Cookie tecnici<\/h4>\n<p>Sono cookie utilizzati per eseguire autenticazioni informatiche, monitoraggio di sessioni e memorizzazione di informazioni specifiche sugli utenti che accedono ad una pagina web.<br \/>\nQuesti cookie sono spesso utili, perch\u00e9 possono rendere pi\u00f9 veloce e rapida la navigazione e fruizione del web, perch\u00e9 ad esempio intervengono a facilitare alcune procedure per fare acquisti online o per le autenticazioni ad aree ad accesso riservato. Una particolare tipologia di cookie tecnici, detti analytics, vengono poi utilizzati per raccogliere informazioni, in forma aggregata, sul numero degli utenti e su come questi visitano il sito stesso, e quindi elaborare statistiche generali sul servizio e sul suo utilizzo.<\/p>\n<h4>Cookie di profilazione<\/h4>\n<p>I cookie di profilazione invece possono essere utilizzati per monitorare e profilare gli utenti durante la navigazione, studiare i loro movimenti e abitudini di consultazione del web o di consumo, anche allo scopo di inviare pubblicit\u00e0 di servizi mirati e personalizzati.<\/p>\n<h4>Cookie di terze parti<\/h4>\n<p>I cookie di terze parti sono cookie provenienti da altri siti e contenuti in vari elementi ospitati sulla pagina stessa, come ad esempio banner pubblicitari, immagini, video, ecc.. Detti cookie sono impostati direttamente da gestori di siti web o server diversi dal Sito www.favaretto.it<\/p>\n<p>Di seguito i link alle informazioni sui cookie di terze parti:<\/p>\n<p><a href=\"https:\/\/www.facebook.com\/privacy\/explanation\" target=\"_blank\" rel=\"noopener\">Facebook<\/a><br \/>\n<a href=\"https:\/\/help.instagram.com\/155833707900388\" target=\"_blank\" rel=\"noopener\">Instagram<\/a><br \/>\n<a href=\"https:\/\/help.twitter.com\/it\/rules-and-policies\/update-privacy-policy\" target=\"_blank\" rel=\"noopener\">Twitter<\/a><br \/>\n<a href=\"https:\/\/policies.google.com\/privacy?hl=it&amp;gl=it\" target=\"_blank\" rel=\"noopener\">Google+<\/a><br \/>\n<a href=\"https:\/\/policy.pinterest.com\/en\/privacy-policy\" target=\"_blank\" rel=\"noopener\">Pinterest<\/a>[\/vc_column_text][\/vc_column][\/vc_row]<\/p>\n","protected":false},"excerpt":{"rendered":"<p>[vc_row][vc_column][vc_column_text] Politica per i cookie Tutto quello che devi sapere sull&#8217;utilizzo dei cookie quando navighi il nostro sito. [&hellip;]<\/p>\n","protected":false},"author":1,"featured_media":0,"parent":0,"menu_order":0,"comment_status":"closed","ping_status":"closed","template":"","meta":{"ngg_post_thumbnail":0},"_links":{"self":[{"href":"https:\/\/www.favaretto.it\/index.php?rest_route=\/wp\/v2\/pages\/1606"}],"collection":[{"href":"https:\/\/www.favaretto.it\/index.php?rest_route=\/wp\/v2\/pages"}],"about":[{"href":"https:\/\/www.favaretto.it\/index.php?rest_route=\/wp\/v2\/types\/page"}],"author":[{"embeddable":true,"href":"https:\/\/www.favaretto.it\/index.php?rest_route=\/wp\/v2\/users\/1"}],"replies":[{"embeddable":true,"href":"https:\/\/www.favaretto.it\/index.php?rest_route=%2Fwp%2Fv2%2Fcomments&post=1606"}],"version-history":[{"count":1,"href":"https:\/\/www.favaretto.it\/index.php?rest_route=\/wp\/v2\/pages\/1606\/revisions"}],"predecessor-version":[{"id":1607,"href":"https:\/\/www.favaretto.it\/index.php?rest_route=\/wp\/v2\/pages\/1606\/revisions\/1607"}],"wp:attachment":[{"href":"https:\/\/www.favaretto.it\/index.php?rest_route=%2Fwp%2Fv2%2Fmedia&parent=1606"}],"curies":[{"name":"wp","href":"https:\/\/api.w.org\/{rel}","templated":true}]}}