{"id":3,"date":"2018-11-26T09:58:35","date_gmt":"2018-11-26T08:58:35","guid":{"rendered":"http:\/\/www.favaretto.it\/?page_id=3"},"modified":"2018-11-26T16:34:13","modified_gmt":"2018-11-26T15:34:13","slug":"privacy-policy","status":"publish","type":"page","link":"https:\/\/www.favaretto.it\/?page_id=3","title":{"rendered":"Privacy Policy"},"content":{"rendered":"<p><strong>PREMESSA<\/strong><\/p>\n<p>La tua privacy \u00e8 importante per FAVARETTO ARREDAMENTI SRL.<\/p>\n<p>FAVARETTO ARREDAMENTI SRL, con sede legale in VIA FOGAZZARO ANTONIO, 4 &#8211; 30172 MESTRE (VE), ha redatto, in modo semplice e comprensibile, il presente documento, riguardante il trattamento dei tuoi dati personali, come e perch\u00e9 li raccogliamo ed in che modo li gestiamo.<\/p>\n<p>Ti ricordiamo che per trattamento di dati personali deve intendersi qualunque operazione o complesso di operazioni, effettuati con o senza l&#8217;ausilio di strumenti elettronici, concernenti la raccolta, la registrazione, l&#8217;organizzazione, la conservazione, la consultazione, l&#8217;elaborazione, la modificazione, la selezione, l&#8217;estrazione, il raffronto, l&#8217;utilizzo, l&#8217;interconnessione, il blocco, la comunicazione, la diffusione, la cancellazione e la distruzione dei dati, anche se non registrati in una banca dati.<\/p>\n<p>La presente informativa si applica quando visiti il nostro sito web o i nostri canali di social media; quando utilizzi le nostre applicazioni; quando ti iscrivi alla nostra newsletter; richiedi la nostra assistenza oppure sei un fornitore, partner, consulente o qualsiasi altro soggetto che abbia rapporti commerciali con FAVARETTO ARREDAMENTI SRL.<\/p>\n<p>Le informazioni e i dati da te forniti saranno trattati nel rispetto delle vigenti norme e Regolamenti in materia (incluso, a titolo esemplificativo ma non limitativo, il Regolamento Generale sulla Protezione dei Dati &#8211; Regolamento UE 2016\/679 &#8211; General Data Protection Regulation o \u201cGDPR\u201d).<\/p>\n<p>Il trattamento dei dati effettuato da FAVARETTO ARREDAMENTI SRL sar\u00e0 improntato ai principi di correttezza, liceit\u00e0, trasparenza, esattezza, integrit\u00e0, riservatezza, limitazione delle finalit\u00e0 e della conservazione e minimizzazione dei dati.<\/p>\n<p><strong>LE BASI GIURIDICHE DEL NOSTRO TRATTAMENTO DEI TUOI DATI PERSONALI<\/strong><\/p>\n<p>FAVARETTO ARREDAMENTI SRL fonda il trattamento dei tuoi dati personali su diverse basi giuridiche:<\/p>\n<ol>\n<li>il tuo consenso (solo quando necessario o consentito dalla legge). In tal caso avrai comunque la facolt\u00e0 di revocarlo;<\/li>\n<li>l\u2019esigenza di costituire un rapporto contrattuale ed adempiere agli obblighi da esso scaturenti;<\/li>\n<li>l\u2019esigenza di rispettare le leggi vigenti e di instaurare, esercitare o difendersi da azioni legali;<\/li>\n<li>l\u2019esigenza di perseguire i suoi legittimi interessi: accertarsi che i network e le informazioni siano sicuri, impedire o indagare su presunte o effettive violazioni di legge, di contratti commerciali o fattispecie di mancato rispetto dei suoi principi aziendali;<\/li>\n<li>l\u2019esigenza di rispondere alle tue richieste;<\/li>\n<li>qualsiasi altra base giuridica consentita dalle vigenti normative.<\/li>\n<\/ol>\n<p><strong>CHE TIPO DI DATI PERSONALI TRATTIAMO, CON QUALI FINALITA\u2019 E PER QUANTO TEMPO LI CONSERVIAMO<\/strong><\/p>\n<p><strong>a) Dati di navigazione<\/strong><\/p>\n<p>Per il corretto funzionamento del sito di FAVARETTO ARREDAMENTI SRL e dei servizi forniti sono necessari sistemi informatici e procedure software che, nel corso del loro normale esercizio, acquisiscono alcuni dati personali, la cui trasmissione \u00e8 implicita nell&#8217;utilizzo di protocolli di comunicazione internet. Si tratta di dati che non vengono raccolti per essere associati a soggetti identificati, ma che per loro stessa natura potrebbero, attraverso elaborazioni ed associazioni con dati detenuti da terzi, permettere di identificare gli utenti (es. indirizzi IP). Tali dati vengono utilizzati solamente per informazioni statistiche anonime relative all&#8217;utilizzo del servizio e per verificarne il corretto funzionamento e vengono conservati per il periodo strettamente necessario e comunque in conformit\u00e0 alle vigenti normative.<\/p>\n<p><strong>b) Dati dei clienti<\/strong><\/p>\n<p>Al fine di poter consentire l\u2019erogazione dei servizi previsti negli accordi contrattuali, lo svolgimento di attivit\u00e0 di marketing ed ottemperare gli obblighi fiscali e previsti dalle normative vigenti, FAVARETTO ARREDAMENTI SRL raccoglier\u00e0 i seguenti dati relativi ai clienti: Nome &#8211; Cognome &#8211; Ragione sociale (in caso di soggetto diverso dal privato) &#8211; Codice fiscale &#8211; Partita Iva (in caso di soggetto diverso dal privato) &#8211; Indirizzo &#8211; Citt\u00e0 &#8211; Cap &#8211; Provincia &#8211; Recapiti Telefonici &#8211; Indirizzi E-mail. Tali dati verranno conservati per le finalit\u00e0 di erogazione dei servizi, nonch\u00e9 per attivit\u00e0 promozionali e per la durata di 10 anni a decorrere dalla cessazione del rapporto contrattuale. Per scopi di natura fiscale e per gli altri obblighi previsti dalla legge, gli stessi dati verranno conservati per 10 anni, salvo che la legge non permetta un periodo di conservazione pi\u00f9 lungo, anche in ragione del maturare della prescrizione di eventuali diritti vantati da terzi.<\/p>\n<p><strong>c) Dati dei fornitori<\/strong><\/p>\n<p>Al fine di garantire il regolare svolgimento del rapporto di lavoro ci occorrono i dati di contatto dei soggetti pertinenti che operano all\u2019interno dell\u2019azienda fornitrice (come nomi, cognomi, numeri di telefono ed indirizzi e-mail). Ci occorrono anche tutti i dati necessari all\u2019emissione della fattura, nonch\u00e9 le coordinate bancarie necessarie a saldare i servizi acquistati (se rientra negli accordi contrattuali stipulati). Per le finalit\u00e0 suddette i dati verranno conservati per la durata di un anno a decorrere dalla cessazione del rapporto contrattuale. Per scopi di natura fiscale e per gli altri obblighi previsti dalla legge i dati verranno conservati per 10 anni, salvo che la legge non permetta un periodo di conservazione pi\u00f9 lungo, anche in ragione del maturare della prescrizione di eventuali diritti vantati da terzi.<\/p>\n<p><strong>d) Cookies<\/strong><\/p>\n<p>L&#8217;accesso al sito www.favaretto.it pu\u00f2 comportare l&#8217;invio, da parte dei nostri server al pc dell&#8217;utente, dei cosiddetti &#8220;cookies&#8221;, ossia di files che consentono di ottenere informazioni sulle pagine visitate al fine di rendere pi\u00f9 veloce l&#8217;utilizzo dei vari servizi. L&#8217;utilizzo dei cookies \u00e8 limitato alla durata della singola sessione e non permette in alcun modo l&#8217;acquisizione di dati personali identificativi dell&#8217;utente. I dati acquisiti non verranno memorizzati ma verranno cancellati alla chiusura del browser. Puoi scegliere in qualsiasi momento di disattivare i cookies modificando semplicemente le impostazioni del browser di navigazione; ti ricordiamo, per\u00f2, che la disattivazione dei cookies pu\u00f2 rallentare o impedire l&#8217;accesso ad alcune sezioni del sito. Potrai trovare maggiori informazioni nell\u2019informativa cookie presente sul sito.<\/p>\n<p><strong>e) Dati di traffico<\/strong><\/p>\n<p>FAVARETTO ARREDAMENTI SRL ti informa dell\u2019esistenza del registro dei collegamenti (LOG), nel quale vengono conservati, nei termini e secondo le tempistiche previste dalla legge, i dati relativi al traffico telematico. Trascorso il periodo di conservazione previsto dalla legge, e salva diversa indicazione dell\u2019Autorit\u00e0 con provvedimento amministrativo o giudiziario, i dati di cui sopra verranno distrutti e non sar\u00e0 pi\u00f9 garantita la possibilit\u00e0 di ottenerne copia.<\/p>\n<p><strong>COME GESTIAMO I TUOI DATI PER FINALIT\u00c0 PROMOZIONALI<\/strong><\/p>\n<p>FAVARETTO ARREDAMENTI SRL potr\u00e0 inviarti via e-mail, via telefono e social network di altre parti, delle comunicazioni di marketing relative a suoi servizi, prodotti, promozioni o eventi.<\/p>\n<p>Tali comunicazioni potranno anche essere personalizzate tenendo conto delle tue preferenze (da te espressamente indicate o dedotte dalle visite sul sito di FAVARETTO ARREDAMENTI SRL o in base ai link da te cliccati). Prima di avviare qualsiasi attivit\u00e0 di marketing e se richiesto dalle vigenti leggi, ti chiederemo di fornirci il consenso, che potrai comunque revocare inviando un\u2019e-mail PEC di richiesta a favarettoarredamenti@legalmail.it. Anche in caso di revoca del consenso alla ricezione di comunicazioni di marketing, potrai ricevere ancora altre tipologie di comunicazioni (per esempio avvisi importanti di natura tecnica o amministrativa).<\/p>\n<p><strong>CHI \u00c8 IL TITOLARE DEL TRATTAMENTO DEI DATI PERSONALI<\/strong><\/p>\n<p>Il Titolare dei trattamenti svolti attraverso il sito \u00e8 FAVARETTO ARREDAMENTI SRL&nbsp; con sede in VIA FOGAZZARO ANTONIO, 4 &#8211; 30172 MESTRE (VE).<\/p>\n<p>Il titolare e responsabile dei dati personali \u00e8 contattabile al seguente indirizzo PEC favarettoarredamenti@legalmail.it per tutte le informazioni relative al trattamento dei dati personali e per fornire l\u2019elenco di tutti i responsabili coinvolti nella gestione.<\/p>\n<p><strong>CHI SONO I DESTINATARI DEI DATI PERSONALI<\/strong><\/p>\n<p>I destinatari dei dati personali raccolti sono:<\/p>\n<ul>\n<li>persone, societ\u00e0, studi professionali che erogano servizi di consulenza contabile, amministrativa, tributaria o legale alla FAVARETTO ARREDAMENTI SRL;<\/li>\n<li>soggetti con i quali la FAVARETTO ARREDAMENTI SRL interagisce per l\u2019erogazione dei servizi;<\/li>\n<li>soggetti che forniscono i servizi connessi alla riscossione dei pagamenti (ad esempio bonifico bancario, carta di credito);<\/li>\n<li>altri enti o autorit\u00e0 cui, per motivi o obblighi di legge, sia necessario comunicare i suoi dati personali;<\/li>\n<li>persone autorizzate da FAVARETTO ARREDAMENTI SRL a svolgere attivit\u00e0 necessarie all\u2019erogazione dei servizi (con obbligo legale di riservatezza).<\/li>\n<\/ul>\n<p>L\u2019elenco completo dei responsabili del trattamento pu\u00f2 essere richiesto inviando un\u2019e-mail PEC a favarettoarredamenti@legalmail.it.<\/p>\n<p><strong>QUALI DIRITTI PUOI ESERCITARE<\/strong><\/p>\n<p>In qualit\u00e0 di interessato potrai esercitare i diritti di cui agli artt. da 16 a 22 del Regolamento EU 679\/16:<\/p>\n<p><strong>Art. 16 \u2013 Diritto di rettifica<\/strong><\/p>\n<p>Hai il diritto di ottenere dal titolare del trattamento la rettifica dei dati personali inesatti che ti riguardano senza ingiustificato ritardo. Tenuto conto delle finalit\u00e0 del trattamento, hai il diritto di ottenere l&#8217;integrazione dei dati personali incompleti, anche fornendo una dichiarazione integrativa.<\/p>\n<p><strong>Art. 17 \u2013 Diritto alla cancellazione<\/strong><\/p>\n<p>Hai il diritto di ottenere dal titolare del trattamento la cancellazione dei dati personali che ti riguardano senza ingiustificato ritardo e il titolare del trattamento ha l&#8217;obbligo di cancellare senza ingiustificato ritardo i dati personali, se sussiste uno dei motivi seguenti:<\/p>\n<ol>\n<li>i dati personali non sono pi\u00f9 necessari rispetto alle finalit\u00e0 per le quali sono stati raccolti o altrimenti trattati; 4.5.2016 IT Gazzetta ufficiale dell&#8217;Unione Europea L 119\/43<\/li>\n<li>revochi il consenso su cui si basa il trattamento conformemente all&#8217;articolo 6, paragrafo 1, lettera a), o all&#8217;articolo 9, paragrafo 2, lettera a), e se non sussiste altro fondamento giuridico per il trattamento;<\/li>\n<li>ti opponi al trattamento ai sensi dell&#8217;articolo 21, paragrafo 1, e non sussiste alcun motivo legittimo prevalente per procedere al trattamento, oppure ti opponi al trattamento ai sensi dell&#8217;articolo 21, paragrafo 2;<\/li>\n<li>i dati personali sono stati trattati illecitamente;<\/li>\n<li>i dati personali devono essere cancellati per adempiere un obbligo legale previsto dal diritto dell&#8217;Unione o dello Stato membro cui \u00e8 soggetto il titolare del trattamento;<\/li>\n<li>i dati personali sono stati raccolti relativamente all&#8217;offerta di servizi della societ\u00e0 dell&#8217;informazione di cui all&#8217;articolo 8, paragrafo 1.<\/li>\n<\/ol>\n<p>Il titolare del trattamento, se ha reso pubblici dati personali ed \u00e8 obbligato, ai sensi del paragrafo 1, a cancellarli, tenendo conto della tecnologia disponibile e dei costi di attuazione adotta le misure ragionevoli, anche tecniche, per informare i titolari del trattamento che stanno trattando i dati personali della tua richiesta di cancellare qualsiasi link, copia o riproduzione dei tuoi dati personali.<\/p>\n<p>I paragrafi 1 e 2 non si applicano nella misura in cui il trattamento sia necessario:<\/p>\n<ul>\n<li>per l&#8217;esercizio del diritto alla libert\u00e0 di espressione e di informazione;<\/li>\n<li>per l&#8217;accertamento, l&#8217;esercizio o la difesa di un diritto in sede giudiziaria.<\/li>\n<\/ul>\n<p><strong>Art. 18 \u2013 Diritto di limitazione del trattamento<\/strong><\/p>\n<p>Hai il diritto di ottenere dal titolare del trattamento la limitazione del trattamento quando ricorre una delle seguenti ipotesi:<\/p>\n<ul>\n<li>contesti l&#8217;esattezza dei dati personali, per il periodo necessario al titolare del trattamento per verificare l&#8217;esattezza di tali dati personali;<\/li>\n<li>il trattamento \u00e8 illecito e ti opponi alla cancellazione dei dati personali chiedendo invece che ne sia limitato l&#8217;utilizzo;<\/li>\n<li>bench\u00e9 il titolare del trattamento non ne abbia pi\u00f9 bisogno ai fini del trattamento, i tuoi dati personali sono necessari per l&#8217;accertamento, l&#8217;esercizio o la difesa di un diritto in sede giudiziaria;<\/li>\n<li>ti sei opposto al trattamento ai sensi dell&#8217;articolo 21, paragrafo 1, in attesa della verifica in merito all&#8217;eventuale prevalenza dei motivi legittimi del titolare del trattamento rispetto a quelli dell&#8217;interessato.<\/li>\n<\/ul>\n<p>Se il trattamento \u00e8 limitato a norma del paragrafo 1, tali dati personali sono trattati, salvo che per la conservazione, soltanto con il tuo consenso o per l&#8217;accertamento, l&#8217;esercizio o la difesa di un diritto in sede giudiziaria oppure per tutelare i diritti di un&#8217;altra persona fisica o giuridica o per motivi di interesse pubblico rilevante dell&#8217;Unione o di uno Stato membro. L 119\/44 IT Gazzetta ufficiale dell&#8217;Unione europea 4.5.2016 3.<\/p>\n<p>Se hai che hai ottenuto la limitazione del trattamento a norma del paragrafo 1 sei informato dal titolare del trattamento prima che detta limitazione sia revocata.<\/p>\n<p><strong>Art. 19 \u2013 Diritto di ottenere la notifica dal titolare del trattamento nei casi di rettifica o cancellazione dei dati personali o di cancellazione degli stessi<\/strong><\/p>\n<p>Il titolare del trattamento comunica a ciascuno dei destinatari cui sono stati trasmessi i dati personali le eventuali rettifiche o cancellazioni o limitazioni del trattamento effettuate a norma dell&#8217;articolo 16, dell&#8217;articolo 17, paragrafo 1, e dell&#8217;articolo 18, salvo che ci\u00f2 si riveli impossibile o implichi uno sforzo sproporzionato. Il titolare del trattamento ti comunica tali destinatari qualora tu lo richieda.<\/p>\n<p><strong>Art. 20 \u2013 Diritto alla portabilit\u00e0<\/strong><\/p>\n<p>Hai il diritto di ricevere in un formato strutturato, di uso comune e leggibile da dispositivo automatico, i dati personali che ti riguardano forniti a un titolare del trattamento e hai il diritto di trasmettere tali dati a un altro titolare del trattamento senza impedimenti da parte del titolare del trattamento cui li hai forniti qualora:<\/p>\n<ul>\n<li>il trattamento si basi sul consenso ai sensi dell&#8217;articolo 6, paragrafo 1, lettera a), o dell&#8217;articolo 9, paragrafo 2, lettera a), o su un contratto ai sensi dell&#8217;articolo 6, paragrafo 1, lettera b);<\/li>\n<li>il trattamento sia effettuato con mezzi automatizzati.<\/li>\n<\/ul>\n<p>Nell&#8217;esercitare i tuoi diritti relativamente alla portabilit\u00e0 dei dati a norma del paragrafo 1, hai il diritto di ottenere la trasmissione diretta dei dati personali da un titolare del trattamento all&#8217;altro, se tecnicamente fattibile.<\/p>\n<p>L&#8217;esercizio del diritto di cui al paragrafo 1 del presente articolo lascia impregiudicato l&#8217;articolo 17.<\/p>\n<p>Il diritto di cui al paragrafo 1 non deve ledere i diritti e le libert\u00e0 altrui.<\/p>\n<p><strong>Art. 21 \u2013 Diritto di opposizione<\/strong><\/p>\n<p>Hai il diritto di opporti in qualsiasi momento, per motivi connessi alla tua situazione particolare, al trattamento dei dati personali che ti riguardano ai sensi dell&#8217;articolo 6, paragrafo 1, lettere e) o f), compresa la profilazione sulla base di tali disposizioni. Il titolare del trattamento si astiene dal trattare ulteriormente i dati personali salvo che egli dimostri l&#8217;esistenza di motivi legittimi cogenti per procedere al trattamento che prevalgono sui tuoi interessi, sui diritti e sulle tue libert\u00e0 oppure per l&#8217;accertamento, l&#8217;esercizio o la difesa di un diritto in sede giudiziaria. Qualora i dati personali siano trattati per finalit\u00e0 di marketing diretto, hai il diritto di opporti in qualsiasi momento al trattamento dei dati personali che ti riguardano effettuato per tali finalit\u00e0, compresa la profilazione nella misura in cui sia connessa a tale marketing diretto. Qualora tu ti opponga al trattamento per finalit\u00e0 di marketing diretto, i dati personali non saranno pi\u00f9 oggetto di trattamento per tali finalit\u00e0. 4.5.2016 IT Gazzetta ufficiale dell&#8217;Unione europea L 119\/45 4. Il diritto di cui ai paragrafi 1 e 2 \u00e8 esplicitamente portato alla tua attenzione ed \u00e8 presentato chiaramente e separatamente da qualsiasi altra informazione al pi\u00f9 tardi al momento della prima comunicazione con te. Nel contesto dell&#8217;utilizzo di servizi della societ\u00e0 dell&#8217;informazione e fatta salva la direttiva 2002\/58\/CE, puoi esercitare il proprio diritto di opposizione con mezzi automatizzati che utilizzano specifiche tecniche. Qualora i dati personali siano trattati a fini di ricerca scientifica o storica o a fini statistici a norma dell&#8217;articolo 89, paragrafo 1, tu, per motivi connessi alla tua situazione particolare, hai il diritto di opporti al trattamento di dati personali che ti riguardano, salvo che il trattamento sia necessario per l&#8217;esecuzione di un compito di interesse pubblico.<\/p>\n<p><strong>Art. 22 \u2013 Diritto di rifiutare il processo automatizzato<\/strong><\/p>\n<p>Hai il diritto di non essere sottoposto a una decisione basata unicamente sul trattamento automatizzato, compresa la profilazione, che produca effetti giuridici che ti riguardano o che incida in modo analogo significativamente sulla tua persona. Il paragrafo 1 non si applica nel caso in cui la decisione:<\/p>\n<ul>\n<li>sia necessaria per la conclusione o l&#8217;esecuzione di un contratto tra te e un titolare del trattamento;<\/li>\n<li>sia autorizzata dal diritto dell&#8217;Unione o dello Stato membro cui \u00e8 soggetto il titolare del trattamento, che precisa altres\u00ec misure adeguate a tutela dei tuoi diritti, delle tue libert\u00e0 e dei tuoi legittimi interessi;<\/li>\n<li>si basi sul tuo consenso esplicito.<\/li>\n<\/ul>\n<p>Nei casi di cui al paragrafo 2, lettere a) e c), il titolare del trattamento attua misure appropriate per tutelare i tuoi diritti, le tue libert\u00e0 e i tuoi legittimi interessi, almeno il diritto di ottenere l&#8217;intervento umano da parte del titolare del trattamento, di esprimere la propria opinione e di contestare la decisione.<\/p>\n<p>Le decisioni di cui al paragrafo 2 non si basano sulle categorie particolari di dati personali di cui all&#8217;articolo 9, paragrafo 1, a meno che non sia d&#8217;applicazione l&#8217;articolo 9, paragrafo 2, lettere a) o g), e non siano in vigore misure adeguate a tutela dei tuoi diritti, delle tue libert\u00e0 e dei tuoi legittimi interessi.<\/p>\n<p>In tal senso potrai accedere ai tuoi dati per:<\/p>\n<ul>\n<li>Verificarne la veridicit\u00e0<\/li>\n<li>Modificarli nel caso divengano inesatti<\/li>\n<li>Integrarli anche con dichiarazione integrativa<\/li>\n<li>Richiederne la cancellazione<\/li>\n<li>Limitarne il trattamento<\/li>\n<li>Opporti al trattamento<\/li>\n<\/ul>\n<p>Il titolare del trattamento \u00e8 obbligato a rispondere senza ingiustificato motivo.<\/p>\n<p><strong>CANCELLAZIONE DEI DATI<\/strong><\/p>\n<p>La FAVARETTO ARREDAMENTI SRL in osservanza al corrispondente diritto di accesso all\u2019interessato ha predisposto procedure per le quali puoi richiedere la cancellazione senza ingiustificato ritardo dei tuoi dati personali o la limitazione del trattamento dei dati personali che ti riguardano per i seguenti motivi:<\/p>\n<ul>\n<li>Perch\u00e9 i dati non sono pi\u00f9 necessari per le finalit\u00e0 per le quali erano stati raccolti<\/li>\n<li>Perch\u00e9 hai revocato il consenso<\/li>\n<li>Perch\u00e9 ti opponi al trattamento<\/li>\n<li>Perch\u00e9 i dati sono trattati in maniera illecita.<\/li>\n<\/ul>\n<p>Puoi esercitare i suddetti diritti scrivendoci all&#8217;email PEC favarettoarredamenti@legalmail.it<\/p>\n<p><strong>MODIFICHE ALL\u2019INFORMATIVA SULLA PRIVACY<\/strong><\/p>\n<p>La presente informativa sulla privacy \u00e8 in vigore dal 24.05.2018 e FAVARETTO ARREDAMENTI SRL potr\u00e0 modificarne o aggiornarne il contenuto.<\/p>\n<p>Verrai informato di tali circostanze e le modifiche saranno effettive non appena pubblicate sul nostro sito <a href=\"https:\/\/www.favaretto.it\">www.favaretto.it<\/a><\/p>\n<p>&nbsp;<\/p>\n","protected":false},"excerpt":{"rendered":"<p>PREMESSA La tua privacy \u00e8 importante per FAVARETTO ARREDAMENTI SRL. FAVARETTO ARREDAMENTI SRL, con sede legale in VIA [&hellip;]<\/p>\n","protected":false},"author":1,"featured_media":0,"parent":0,"menu_order":0,"comment_status":"closed","ping_status":"closed","template":"","meta":{"ngg_post_thumbnail":0},"_links":{"self":[{"href":"https:\/\/www.favaretto.it\/index.php?rest_route=\/wp\/v2\/pages\/3"}],"collection":[{"href":"https:\/\/www.favaretto.it\/index.php?rest_route=\/wp\/v2\/pages"}],"about":[{"href":"https:\/\/www.favaretto.it\/index.php?rest_route=\/wp\/v2\/types\/page"}],"author":[{"embeddable":true,"href":"https:\/\/www.favaretto.it\/index.php?rest_route=\/wp\/v2\/users\/1"}],"replies":[{"embeddable":true,"href":"https:\/\/www.favaretto.it\/index.php?rest_route=%2Fwp%2Fv2%2Fcomments&post=3"}],"version-history":[{"count":4,"href":"https:\/\/www.favaretto.it\/index.php?rest_route=\/wp\/v2\/pages\/3\/revisions"}],"predecessor-version":[{"id":1605,"href":"https:\/\/www.favaretto.it\/index.php?rest_route=\/wp\/v2\/pages\/3\/revisions\/1605"}],"wp:attachment":[{"href":"https:\/\/www.favaretto.it\/index.php?rest_route=%2Fwp%2Fv2%2Fmedia&parent=3"}],"curies":[{"name":"wp","href":"https:\/\/api.w.org\/{rel}","templated":true}]}}