{"id":749,"date":"2017-09-25T10:03:06","date_gmt":"2017-09-25T10:03:06","guid":{"rendered":"http:\/\/rab.kaththemes.com\/fashion\/?page_id=12"},"modified":"2018-12-21T16:03:52","modified_gmt":"2018-12-21T15:03:52","slug":"home","status":"publish","type":"page","link":"https:\/\/www.favaretto.it\/","title":{"rendered":"Home"},"content":{"rendered":"<p>[vc_row type=&#8221;full_width&#8221; el_class=&#8221;hero-banner&#8221;][vc_column el_class=&#8221;p-0 mb-0&#8243;][vc_column_text el_class=&#8221;mb-0&#8243;][rev_slider_vc alias=&#8221;home-slider1&#8243; el_class=&#8221;p-0 mb-0&#8243;][\/vc_column_text][\/vc_column][\/vc_row][vc_row gap=&#8221;zero&#8221; el_class=&#8221;feature-cat bags-cat cos-row&#8221;][vc_column width=&#8221;2\/3&#8243; el_class=&#8221;first cos-pad&#8221;][vc_column_text]<strong><img loading=\"lazy\" class=\"alignnone size-medium wp-image-1638\" src=\"https:\/\/www.favaretto.it\/wp-content\/uploads\/2018\/12\/De_Rosso_Triplano_C-amb-2-232x300.png\" alt=\"\" width=\"232\" height=\"300\" srcset=\"https:\/\/www.favaretto.it\/wp-content\/uploads\/2018\/12\/De_Rosso_Triplano_C-amb-2-232x300.png 232w, https:\/\/www.favaretto.it\/wp-content\/uploads\/2018\/12\/De_Rosso_Triplano_C-amb-2.png 557w\" sizes=\"(max-width: 232px) 100vw, 232px\" \/><\/strong><\/p>\n<h2><strong>Arredamenti Favaretto<\/strong><\/h2>\n<p>L\u2019azienda Favaretto Arredamenti \u00e8 nata negli anni 50 a seguito dell\u2019evoluzione della tradizione di Falegnameria.<br \/>\n\u00c8 stata Pioniera dell\u2019Arredamento Moderno ed ha vissuto la nascita e l\u2019evolversi del Design Italiano, che nel tempo ha goduto di riconoscimento Internazionale.<br \/>\nNegli anni abbiamo saputo cogliere i segnali di innovazione , guardando con rispetto la cultura del passato e proponendo delle soluzioni oltre le mode e le tendenze del momento.<br \/>\nLa nostra capacit\u00e0 di scegliere , utilizzare ci\u00f2 che riteniamo pi\u00f9 valido, ci fa realizzare Arredamenti completi di ottimo gusto e validit\u00e0 nel tempo, sempre in sintonia con il Cliente.<\/p>\n<p>&nbsp;[\/vc_column_text][\/vc_column][vc_column width=&#8221;1\/3&#8243; el_class=&#8221;cos-pad&#8221;][vc_column_text]<\/p>\n<h4><strong>PROGETTAZIONE E SERVIZIO<\/strong><\/h4>\n<p>Il Servizio che Noi offriamo parte dalla Progettazione su misura , coniugando l\u2019unicit\u00e0 del prodotto storico all\u2019unicit\u00e0 del progetto ad hoc proposto al cliente.<br \/>\n( Servizio Venezia e Isole \u2013 Italia ed Estero. )<\/p>\n<p>SOPRALLUOGO<\/p>\n<p>Il sopralluogo negli spazi abitativi sar\u00e0 una naturale conseguenza per verificare la realizzazione del Progetto proposto con misurazioni e tutto ci\u00f2 che necessita.<\/p>\n<p><img loading=\"lazy\" class=\"alignnone size-medium wp-image-1634\" src=\"https:\/\/www.favaretto.it\/wp-content\/uploads\/2018\/12\/De_Rosso_TRAYBOX_P36-37_N86_1609-300x184.png\" alt=\"\" width=\"300\" height=\"184\" srcset=\"https:\/\/www.favaretto.it\/wp-content\/uploads\/2018\/12\/De_Rosso_TRAYBOX_P36-37_N86_1609-300x184.png 300w, https:\/\/www.favaretto.it\/wp-content\/uploads\/2018\/12\/De_Rosso_TRAYBOX_P36-37_N86_1609-768x471.png 768w, https:\/\/www.favaretto.it\/wp-content\/uploads\/2018\/12\/De_Rosso_TRAYBOX_P36-37_N86_1609-1024x629.png 1024w, https:\/\/www.favaretto.it\/wp-content\/uploads\/2018\/12\/De_Rosso_TRAYBOX_P36-37_N86_1609-270x165.png 270w, https:\/\/www.favaretto.it\/wp-content\/uploads\/2018\/12\/De_Rosso_TRAYBOX_P36-37_N86_1609-570x350.png 570w, https:\/\/www.favaretto.it\/wp-content\/uploads\/2018\/12\/De_Rosso_TRAYBOX_P36-37_N86_1609-670x411.png 670w, https:\/\/www.favaretto.it\/wp-content\/uploads\/2018\/12\/De_Rosso_TRAYBOX_P36-37_N86_1609.png 1173w\" sizes=\"(max-width: 300px) 100vw, 300px\" \/>[\/vc_column_text][\/vc_column][\/vc_row][vc_row gap=&#8221;zero&#8221; type=&#8221;full_width&#8221; background_color=&#8221;#6cb975&#8243; el_class=&#8221;home-about&#8221;][vc_column parallax=&#8221;content-moving&#8221; width=&#8221;1\/2&#8243; el_class=&#8221;mb-0&#8243;][vc_column_text el_class=&#8221;mb-0 left-block companyintro&#8221;]<\/p>\n<h2>&nbsp;<\/h2>\n<h3 class=\"mb-15\"><span class=\"tital-span\">POSTVENDITA<br \/>\n<\/span><\/h3>\n<p>Il&nbsp; nostro sistema di&nbsp; Assistenza post vendita, fa sentire il nostro interlocutore&nbsp; sempre seguito in ogni sua fase.<\/p>\n<p>Dal Montaggio&nbsp; degli Arredi ordinati, eseguiti con cura&nbsp; e precisione , &nbsp;al Servizio Postvendita &nbsp;efficiente.<\/p>\n<p>In questo modo il&nbsp; Cliente&nbsp; si sente&nbsp; sempre seguito in ogni sua necessit\u00e0,&nbsp; compresa la manutenzione degli &nbsp;Arredi, con la&nbsp; sostituzione di alcuni pezzi, in modo che i suoi mobili durino nel tempo.<\/p>\n<p>L\u2019 Eleganza, &nbsp;la &nbsp;qualit\u00e0 dei Mobili&nbsp; offerti, &nbsp;il loro essere sempre attuali, rappresentano la nostra Missione.<\/p>\n<h3>ARREDI<\/h3>\n<p>Cucine &#8211; Soggiorni &#8211; Librerie &#8211; Camere e Camerette &#8211; Biancheria per la casa &#8211; Arredo bagno &#8211; Lampade e&nbsp; illuminazione &#8211; Complementi &#8211; Arredo uffici &#8211; Arredo esterno &#8211; Tendaggi &#8211; Tappeti.<\/p>\n<p>&nbsp;[\/vc_column_text][\/vc_column][vc_column width=&#8221;1\/2&#8243;][vc_single_image image=&#8221;1647&#8243; img_size=&#8221;large&#8221; alignment=&#8221;right&#8221; el_class=&#8221;mb-0&#8243;][\/vc_column][\/vc_row]<\/p>\n","protected":false},"excerpt":{"rendered":"<p>[vc_row type=&#8221;full_width&#8221; el_class=&#8221;hero-banner&#8221;][vc_column el_class=&#8221;p-0 mb-0&#8243;][vc_column_text el_class=&#8221;mb-0&#8243;][rev_slider_vc alias=&#8221;home-slider1&#8243; el_class=&#8221;p-0 mb-0&#8243;][\/vc_column_text][\/vc_column][\/vc_row][vc_row gap=&#8221;zero&#8221; el_class=&#8221;feature-cat bags-cat cos-row&#8221;][vc_column width=&#8221;2\/3&#8243; el_class=&#8221;first cos-pad&#8221;][vc_column_text] Arredamenti Favaretto [&hellip;]<\/p>\n","protected":false},"author":1,"featured_media":0,"parent":0,"menu_order":0,"comment_status":"closed","ping_status":"closed","template":"fullwidth.php","meta":{"ngg_post_thumbnail":0},"_links":{"self":[{"href":"https:\/\/www.favaretto.it\/index.php?rest_route=\/wp\/v2\/pages\/749"}],"collection":[{"href":"https:\/\/www.favaretto.it\/index.php?rest_route=\/wp\/v2\/pages"}],"about":[{"href":"https:\/\/www.favaretto.it\/index.php?rest_route=\/wp\/v2\/types\/page"}],"author":[{"embeddable":true,"href":"https:\/\/www.favaretto.it\/index.php?rest_route=\/wp\/v2\/users\/1"}],"replies":[{"embeddable":true,"href":"https:\/\/www.favaretto.it\/index.php?rest_route=%2Fwp%2Fv2%2Fcomments&post=749"}],"version-history":[{"count":28,"href":"https:\/\/www.favaretto.it\/index.php?rest_route=\/wp\/v2\/pages\/749\/revisions"}],"predecessor-version":[{"id":1666,"href":"https:\/\/www.favaretto.it\/index.php?rest_route=\/wp\/v2\/pages\/749\/revisions\/1666"}],"wp:attachment":[{"href":"https:\/\/www.favaretto.it\/index.php?rest_route=%2Fwp%2Fv2%2Fmedia&parent=749"}],"curies":[{"name":"wp","href":"https:\/\/api.w.org\/{rel}","templated":true}]}}